{"id":1316,"date":"2017-10-16T04:10:26","date_gmt":"2017-10-16T04:10:26","guid":{"rendered":"http:\/\/ninzio.com\/agrikole\/?page_id=1316"},"modified":"2020-10-12T07:59:54","modified_gmt":"2020-10-12T12:59:54","slug":"about-us","status":"publish","type":"page","link":"https:\/\/cafemedrano.com\/?page_id=1316","title":{"rendered":"About Us"},"content":{"rendered":"<p>[vc_row el_class=&#8221;overflow-visible&#8221;][vc_column]\r\n\t<div class=\"agrikole-spacer clearfix\" data-desktop=\"110\" data-mobi=\"60\" data-smobi=\"60\"><\/div>[vc_row_inner][vc_column_inner width=&#8221;1\/2&#8243;]<div class=\"agrikole-headings clearfix \" data-font=70 data-mfont=60 style=\"\"><div class=\"pre-heading clearfix\" style=\"font-weight:600;color:#5b8c51;font-size:14px;letter-spacing:3px;\">\r\n\t\tDISTRIBUTED IN USA\r\n\t<\/div><h2 class=\"heading clearfix \" style=\"line-height:70px;font-size:70px;\">\r\n\t\tGROWN IN HONDURAS\r\n\t<\/h2><div class=\"sep clearfix\" style=\"margin:5px 0 0;\">\r\n\t\t\t\t<img decoding=\"async\" alt=\"image\" src=\"https:\/\/cafemedrano.com\/wp-content\/uploads\/2020\/06\/separator.png\">\r\n\t\t\t<\/div><\/div>\r\n\t<div class=\"agrikole-spacer clearfix\" data-desktop=\"20\" data-mobi=\"20\" data-smobi=\"20\"><\/div>[vc_column_text]Honduras is the world&#8217;s 5th leading exporter of Arabica coffee bean and the 3rd leading exporter from Latin America, and has become one of Honduras&#8217; most prized exports internationally.<\/p>\n<p>Sweet Aromas and Rich flavors make Honduran coffee some of the best aromatic coffee in the world. The Cop\u00e1n region high in the hills of Honduras produces a full, robust flavor, citric aromas, with a hint of chocolate and caramel, while remaining balanced and pleasant.[\/vc_column_text][\/vc_column_inner][vc_column_inner width=&#8221;1\/2&#8243;]<div class=\"agrikole-simple-image simple \" style=\"\">\r\n\t\t\t\t<img decoding=\"async\" alt=\"image\" src=\"https:\/\/cafemedrano.com\/wp-content\/uploads\/2020\/08\/copanmapa.png\" \/> \r\n\t\t\t<\/div>[\/vc_column_inner][\/vc_row_inner]\r\n\t<div class=\"agrikole-spacer clearfix\" data-desktop=\"55\" data-mobi=\"30\" data-smobi=\"30\"><\/div>[vc_row_inner equal_height=&#8221;yes&#8221;][vc_column_inner]<div class=\"agrikole-images-grid clearfix\" data-layout=\"grid\" data-column=\"4\" data-column2=\"3\" data-column3=\"2\" data-column4=\"1\" data-gaph=\"30\" data-gapv=\"30\"><div id=\"images-wrap\" class=\"cbp\"><div class=\"cbp-item\"><div class=\"item-wrap\" style=\"border-radius:5px;overflow:hidden;\"><a class=\"zoom-popup cbp-lightbox\" href=\"https:\/\/cafemedrano.com\/wp-content\/uploads\/2020\/06\/gal4.jpg\"><\/a><img decoding=\"async\" src=\"https:\/\/cafemedrano.com\/wp-content\/uploads\/2020\/06\/gal4.jpg\" alt=\"image\" \/><\/div><\/div><div class=\"cbp-item\"><div class=\"item-wrap\" style=\"border-radius:5px;overflow:hidden;\"><a class=\"zoom-popup cbp-lightbox\" href=\"https:\/\/cafemedrano.com\/wp-content\/uploads\/2020\/06\/gal3.jpg\"><\/a><img decoding=\"async\" src=\"https:\/\/cafemedrano.com\/wp-content\/uploads\/2020\/06\/gal3.jpg\" alt=\"image\" \/><\/div><\/div><div class=\"cbp-item\"><div class=\"item-wrap\" style=\"border-radius:5px;overflow:hidden;\"><a class=\"zoom-popup cbp-lightbox\" href=\"https:\/\/cafemedrano.com\/wp-content\/uploads\/2020\/06\/gal2.jpg\"><\/a><img decoding=\"async\" src=\"https:\/\/cafemedrano.com\/wp-content\/uploads\/2020\/06\/gal2.jpg\" alt=\"image\" \/><\/div><\/div><div class=\"cbp-item\"><div class=\"item-wrap\" style=\"border-radius:5px;overflow:hidden;\"><a class=\"zoom-popup cbp-lightbox\" href=\"https:\/\/cafemedrano.com\/wp-content\/uploads\/2020\/07\/390118-EDIT-1.jpg\"><\/a><img decoding=\"async\" src=\"https:\/\/cafemedrano.com\/wp-content\/uploads\/2020\/07\/390118-EDIT-1.jpg\" alt=\"image\" \/><\/div><\/div><\/div><\/div>\r\n\t<div class=\"agrikole-spacer clearfix\" data-desktop=\"0\" data-mobi=\"30\" data-smobi=\"30\"><\/div>[\/vc_column_inner][\/vc_row_inner]\r\n\t<div class=\"agrikole-spacer clearfix\" data-desktop=\"120\" data-mobi=\"60\" data-smobi=\"60\"><\/div>[\/vc_column][\/vc_row][vc_row full_width=&#8221;stretch_row&#8221; css=&#8221;.vc_custom_1592928821944{background: #f5f0e9 url(http:\/\/cafemedrano.com\/wp-content\/uploads\/2020\/06\/covercrema.jpg?id=14558) !important;background-position: center !important;background-repeat: no-repeat !important;background-size: cover !important;}&#8221; el_class=&#8221;overflow-visible&#8221;][vc_column]\r\n\t<div class=\"agrikole-spacer clearfix\" data-desktop=\"112\" data-mobi=\"60\" data-smobi=\"60\"><\/div><div class=\"agrikole-headings clearfix text-center\" data-font=70 data-mfont=60 style=\"\"><h2 class=\"heading clearfix \" style=\"line-height:70px;font-size:70px;\">\r\n\t\tOur Story\r\n\t<\/h2><div class=\"sep clearfix\" style=\"margin:5px 0 0;\">\r\n\t\t\t\t<img decoding=\"async\" alt=\"image\" src=\"https:\/\/cafemedrano.com\/wp-content\/uploads\/2020\/06\/separator.png\">\r\n\t\t\t<\/div><\/div>[vc_column_text]<span style=\"font-weight: 400;\">The Medrano Family from the highlands of Copan, Honduras, represent three (3) generations of coffee growers, \u201ccaficultores\u201d. . \u00a0 This passion for cultivating coffee started with three brothers; Julio, Emilio and Jose Domingo Medrano in the 1950\u2019s. The family tradition and family business has now entered a third generation of growers, predominantly women of a new generation with a more global, sustainable, organic and fair-trade mindset. Our network of Medrano Family Coffee Farms rest in the heart and soul of the coffee industry in Honduras, in particular from San Pedro de Copan-Capucas, and Santa Rosa-Dulce Nombre, Copan.\u00a0<\/span><\/p>\n<p><span style=\"font-weight: 400;\">***<\/span><\/p>\n<p><span style=\"font-weight: 400;\">Caf\u00e9 Medrano, LLC., is committed to\u00a0 the community goals in producing Single-Origin Specialty coffee, and Fair Trade Organic coffee to create a culture of economic sustainability, environmental protection, improving the level of education, and good health of our family network of coffee growers. Our coffee is economically,socially,\u00a0 environmentally sustainable and empower women entrepreneurs.\u00a0<\/span>[\/vc_column_text]\r\n\t<div class=\"agrikole-spacer clearfix\" data-desktop=\"112\" data-mobi=\"60\" data-smobi=\"60\"><\/div>[\/vc_column][\/vc_row][vc_row full_width=&#8221;stretch_row&#8221; parallax=&#8221;content-moving&#8221; css=&#8221;.vc_custom_1592929008912{background-image: url(http:\/\/cafemedrano.com\/wp-content\/uploads\/2020\/06\/bg.jpg?id=14536) !important;background-position: center;background-repeat: no-repeat !important;background-size: cover !important;}&#8221;][vc_column]\r\n\t<div class=\"agrikole-spacer clearfix\" data-desktop=\"135\" data-mobi=\"60\" data-smobi=\"60\"><\/div><div class=\"agrikole-video-icon clearfix white text-center big\" >\r\n\t\t<a class=\"icon-wrap popup-video\" href=\"https:\/\/www.youtube.com\/watch?v=oq6Xr09sHAY\">\r\n\t\tplay<span class=\"circle\"><\/span><\/a>\r\n\t<\/div>\r\n\t<div class=\"agrikole-spacer clearfix\" data-desktop=\"20\" data-mobi=\"10\" data-smobi=\"10\"><\/div>[vc_column_text]<\/p>\n<p style=\"text-align: center;\"><span style=\"color: #ffffff;\"><strong>Click to play the video<\/strong><\/span><\/p>\n<p>[\/vc_column_text]\r\n\t<div class=\"agrikole-spacer clearfix\" data-desktop=\"62\" data-mobi=\"40\" data-smobi=\"40\"><\/div><div class=\"agrikole-headings clearfix text-center\" data-font=100 data-mfont=66 style=\"\"><h2 class=\"heading clearfix \" style=\"color:#ffffff;max-width:800px;margin-left: auto; margin-right: auto;line-height:100px;margin-top:16px;font-size:100px;\">\r\n\t\tCaf\u00e9 Medrano and Finca Garc\u00eda-S\u00e1nchez\r\n\t<\/h2><\/div>\r\n\t<div class=\"agrikole-spacer clearfix\" data-desktop=\"110\" data-mobi=\"60\" data-smobi=\"60\"><\/div>[\/vc_column][\/vc_row][vc_row full_width=&#8221;stretch_row&#8221; css=&#8221;.vc_custom_1592928839799{background: #f5f0e9 url(http:\/\/cafemedrano.com\/wp-content\/uploads\/2020\/06\/covercrema.jpg?id=14558) !important;background-position: center !important;background-repeat: no-repeat !important;background-size: cover !important;}&#8221; el_class=&#8221;overflow-visible&#8221;][vc_column]\r\n\t<div class=\"agrikole-spacer clearfix\" data-desktop=\"112\" data-mobi=\"60\" data-smobi=\"60\"><\/div><div class=\"agrikole-headings clearfix text-center\" data-font=70 data-mfont=60 style=\"\"><h2 class=\"heading clearfix \" style=\"line-height:70px;font-size:70px;\">\r\n\t\tOur Process\r\n\t<\/h2><div class=\"sep clearfix\" style=\"margin:5px 0 0;\">\r\n\t\t\t\t<img decoding=\"async\" alt=\"image\" src=\"https:\/\/cafemedrano.com\/wp-content\/uploads\/2020\/06\/separator.png\">\r\n\t\t\t<\/div><\/div>[vc_column_text]The Honduran coffee trees of Caf\u00e9 Medrano have grown to maturity after 4-5 years in the highlands of Copan, Honduras and can now bear the fruit known as the coffee cherry. The coffee cherry is then processed into some of finest quality Arabica coffee bean from this region of the world with altitudes between 4,500 and 5,500 feet above sea level.<\/p>\n<p>The Caf\u00e9 Medrano coffee bean flourishes, bringing out characteristics of creamy, sweet, citrus notes, as well as chocolatey and caramelized flavor. Adhering to organic farming processes, all chemical substances are eliminated to ensure the natural flavor profile is true to its origin.<\/p>\n<p>Caf\u00e9 Medrano also processes the coffee bean via a washed (or wet) process or Honey (semi-washed) process, as well as utilizing natural solar drying structural methods. This process allows for our coffee bean to dry in a natural state, above the ground and absorbing the all the natural aromas of the environment. Throughout the days over the next few weeks the cherries will be raked and turned over. Covering them at night and during rainy occasions is necessary for conversion from cherry to what is known as green coffee.<\/p>\n<p>Milling of the Green Coffee beans is done manually by grading and sorting the beans determining the quality of their size, weight, coloration, and other factors, before preparing for shipment to the Washington, DC metropolitan area for local roasting, packaging and distribution.[\/vc_column_text]\r\n\t<div class=\"agrikole-spacer clearfix\" data-desktop=\"112\" data-mobi=\"60\" data-smobi=\"60\"><\/div>[\/vc_column][\/vc_row][vc_row][vc_column width=&#8221;1\/3&#8243;]\r\n\t<div class=\"agrikole-spacer clearfix\" data-desktop=\"70\" data-mobi=\"70\" data-smobi=\"50\"><\/div><div class=\"agrikole-video-icon clearfix accent text-center big\" >\r\n\t\t<a class=\"icon-wrap popup-video\" href=\"https:\/\/www.youtube.com\/watch?v=7tlX8b12YfI\">\r\n\t\tplay<span class=\"circle\"><\/span><\/a>\r\n\t<\/div><div class=\"agrikole-headings clearfix text-center\"  style=\"\"><h2 class=\"heading clearfix \" style=\"\">\r\n\t\tMoises Garcia, Producer and Supplier\r\n\t<\/h2><\/div>\r\n\t<div class=\"agrikole-spacer clearfix\" data-desktop=\"70\" data-mobi=\"70\" data-smobi=\"50\"><\/div>[\/vc_column][vc_column width=&#8221;1\/3&#8243;]\r\n\t<div class=\"agrikole-spacer clearfix\" data-desktop=\"70\" data-mobi=\"70\" data-smobi=\"50\"><\/div><div class=\"agrikole-video-icon clearfix accent text-center big\" >\r\n\t\t<a class=\"icon-wrap popup-video\" href=\"https:\/\/www.youtube.com\/watch?v=Z3LV02JZNd0\">\r\n\t\tplay<span class=\"circle\"><\/span><\/a>\r\n\t<\/div><div class=\"agrikole-headings clearfix text-center\"  style=\"\"><h2 class=\"heading clearfix \" style=\"\">\r\n\t\tAngelica Pineda-Medrano, Fincas Jesus Pineda\r\n\t<\/h2><\/div>\r\n\t<div class=\"agrikole-spacer clearfix\" data-desktop=\"70\" data-mobi=\"70\" data-smobi=\"50\"><\/div>[\/vc_column][vc_column width=&#8221;1\/3&#8243;]\r\n\t<div class=\"agrikole-spacer clearfix\" data-desktop=\"70\" data-mobi=\"70\" data-smobi=\"50\"><\/div><div class=\"agrikole-video-icon clearfix accent text-center big\" >\r\n\t\t<a class=\"icon-wrap popup-video\" href=\"https:\/\/www.youtube.com\/watch?v=S6iGblr_Azs\">\r\n\t\tplay<span class=\"circle\"><\/span><\/a>\r\n\t<\/div><div class=\"agrikole-headings clearfix text-center\"  style=\"\"><h2 class=\"heading clearfix \" style=\"\">\r\n\t\tClaudia Pineda-Medrano, Fincas Jesus Pineda\r\n\t<\/h2><\/div>\r\n\t<div class=\"agrikole-spacer clearfix\" data-desktop=\"70\" data-mobi=\"70\" data-smobi=\"50\"><\/div>[\/vc_column][\/vc_row][vc_row][vc_column]\r\n\t<div class=\"agrikole-spacer clearfix\" data-desktop=\"120\" data-mobi=\"70\" data-smobi=\"50\"><\/div>[\/vc_column][\/vc_row]<\/p>\n","protected":false},"excerpt":{"rendered":"<p>[vc_row el_class=&#8221;overflow-visible&#8221;][vc_column][vc_row_inner][vc_column_inner width=&#8221;1\/2&#8243;][vc_column_text]Honduras is the world&#8217;s 5th leading exporter of Arabica coffee bean and the 3rd leading exporter from Latin America, and has become one of Honduras&#8217; most prized exports internationally. Sweet Aromas and Rich flavors make Honduran coffee some of the best aromatic coffee in the world. The Cop\u00e1n<\/p>\n","protected":false},"author":1,"featured_media":0,"parent":0,"menu_order":0,"comment_status":"closed","ping_status":"closed","template":"","meta":{"footnotes":""},"class_list":["post-1316","page","type-page","status-publish","hentry"],"_links":{"self":[{"href":"https:\/\/cafemedrano.com\/index.php?rest_route=\/wp\/v2\/pages\/1316","targetHints":{"allow":["GET"]}}],"collection":[{"href":"https:\/\/cafemedrano.com\/index.php?rest_route=\/wp\/v2\/pages"}],"about":[{"href":"https:\/\/cafemedrano.com\/index.php?rest_route=\/wp\/v2\/types\/page"}],"author":[{"embeddable":true,"href":"https:\/\/cafemedrano.com\/index.php?rest_route=\/wp\/v2\/users\/1"}],"replies":[{"embeddable":true,"href":"https:\/\/cafemedrano.com\/index.php?rest_route=%2Fwp%2Fv2%2Fcomments&post=1316"}],"version-history":[{"count":21,"href":"https:\/\/cafemedrano.com\/index.php?rest_route=\/wp\/v2\/pages\/1316\/revisions"}],"predecessor-version":[{"id":14671,"href":"https:\/\/cafemedrano.com\/index.php?rest_route=\/wp\/v2\/pages\/1316\/revisions\/14671"}],"wp:attachment":[{"href":"https:\/\/cafemedrano.com\/index.php?rest_route=%2Fwp%2Fv2%2Fmedia&parent=1316"}],"curies":[{"name":"wp","href":"https:\/\/api.w.org\/{rel}","templated":true}]}}